{"id":974,"date":"2022-03-10T03:09:39","date_gmt":"2022-03-10T02:09:39","guid":{"rendered":"https:\/\/2024.budapestritmo.hu\/?page_id=974"},"modified":"2024-03-01T13:13:12","modified_gmt":"2024-03-01T12:13:12","slug":"timetable-movies","status":"publish","type":"page","link":"https:\/\/2024.budapestritmo.hu\/en\/timetable-movies\/","title":{"rendered":"Movies | Timetable"},"content":{"rendered":"\n<div class=\"wp-block-group alignfull timetables\"><div class=\"wp-block-group__inner-container is-layout-flow wp-block-group-is-layout-flow\">\n<div class=\"wp-block-buttons is-content-justification-center is-layout-flex wp-container-core-buttons-is-layout-16018d1d wp-block-buttons-is-layout-flex\">\n<div class=\"wp-block-button\"><a class=\"wp-block-button__link wp-element-button\" href=\"https:\/\/2024.budapestritmo.hu\/en\/timetable-concerts\/\">Concerts<\/a><\/div>\n\n\n\n<div class=\"wp-block-button\"><a class=\"wp-block-button__link wp-element-button\" href=\"https:\/\/2024.budapestritmo.hu\/en\/timetable-showcase\/\">Showcase<\/a><\/div>\n\n\n\n<div class=\"wp-block-button active\"><a class=\"wp-block-button__link wp-element-button\" href=\"https:\/\/2024.budapestritmo.hu\/en\/timetable-movies\/\">Movies<\/a><\/div>\n<\/div>\n<\/div><\/div>\n\n\n<a name=\"timetable\"><\/a>\n<section class=\"timetable text-white\">\n\t\n\t<div class=\"container-fluid\">\n\t\t<div class=\"row\">\n\t\t\t<div class=\"col-12\">\n\t\t\t\t<h2>Films<\/h2> \n\t\t\t<\/div>\n\t\t<\/div>\n\t<\/div>\n\n\n\t\n\t<div class=\"container-fluid dates\">\n\t\t<div class=\"row\">\n\t\t\t\t\t\t\t<div class=\"col-6 col-sm\" id=\"tab-day1\">\n\t\t\t\t\t<a class=\"day-select current-day\" href=\"#day1\">\n\t\t\t\t\t\tFriday 12.04.\t\t\t\t\t<\/a>\n\t\t\t\t\t\n\t\t\t\t<\/div>\n\t\t\t\t\t\t\t<div class=\"col-6 col-sm\" id=\"tab-day2\">\n\t\t\t\t\t<a class=\"day-select \" href=\"#day2\">\n\t\t\t\t\t\tSaturday 13.04.\t\t\t\t\t<\/a>\n\t\t\t\t\t\n\t\t\t\t<\/div>\n\t\t\t\t\t\t\t\t\n\t\t<\/div>\n\t<\/div>\n\t \n\n\n\t\n\t\t\t\n\t\t<div class=\"container-fluid day  current-day\" id=\"day1\">\n\t\t\n\t\t\t<div class=\"row\">\n\n\n\t\t\t\t<div class=\"col-1 timetable-timeslots d-none d-md-flex\">\n\t\t\t\t\t<ul>\n\t\t\t\t\t\t<li class=\"full-hour\">15:00<\/li><li>15:15<\/li><li>15:30<\/li><li>15:45<\/li><li class=\"full-hour\">16:00<\/li><li>16:15<\/li><li>16:30<\/li><li>16:45<\/li><li class=\"full-hour\">17:00<\/li><li>17:15<\/li><li>17:30<\/li><li>17:45<\/li><li class=\"full-hour\">18:00<\/li><li>18:15<\/li><li>18:30<\/li><li>18:45<\/li><li class=\"full-hour\">19:00<\/li><li>19:15<\/li><li>19:30<\/li><li>19:45<\/li><li class=\"full-hour\">20:00<\/li><li>20:15<\/li><li>20:30<\/li><li>20:45<\/li>\t\t\t\t\t<\/ul>\n\t\t\t\t<\/div>\n\n\n\t\t\t\t\n\t\t\t\t\n\t\t\t\t\n\n\t\t\t\t\t\t\t<div class=\"col-12 col-sm timetable-column\">\n\t\t\t\t\t\t\t\t<div class=\"timetable-venue\">\n\t\t\t\t\t\t\t\t\tToldi mozi, Kisterem\t\t\t\t\t\t\t\t<\/div>\n\n\n\t\t\t\t\t\t\t\t\n\t\t\t\t\t\t\t\t\t\t\t\t\t\t\t\t\t\t\t\t\t\t\t\t\n\t\t\n\n\t\t\t\t\t\t\t\t\t\t\t\t\n\t\t\t\t\t\t\t\t\t\t\t\t<a href=\"https:\/\/2024.budapestritmo.hu\/en\/movie\/elis-tom\/\">\t\t\t\t\t\t\t\t\t\t\t\t\t<div class=\"timetable-event \" style=\"top:40px; min-height:158px;\">\n\t\t\t\t\t\t\t\t\t\t\t\t\t\t<div class=\"timetable-event-time\">15:30-17:30<\/div>\n\t\t\t\t\t\t\t\t\t\t\t\t\t\t<div class=\"timetable-event-performer\">Elis &#038; Tom<\/div>\n\t\t\t\t\t\t\t\t\t\t\t\t\t\t<span class=\"timetable-event-country\"><p><span data-sheets-root=\"1\" data-sheets-value=\"{&quot;1&quot;:2,&quot;2&quot;:&quot;Brazilian documentary, sub. eng (100')&quot;}\" data-sheets-userformat=\"{&quot;2&quot;:707,&quot;3&quot;:{&quot;1&quot;:0},&quot;4&quot;:{&quot;1&quot;:2,&quot;2&quot;:15987699},&quot;9&quot;:0,&quot;10&quot;:1,&quot;12&quot;:0}\">Brazilian documentary, sub. eng (100&#8242;)<\/span><\/p>\n <\/span>\n\t\t\t\t\t\t\t\t\t\t\t\t\t<\/div>\n\t\t\t\t\t\t\t\t\t\t\t\t<\/a>\t\t\t\t\t\t\t\t\t\t\t\n\n\n\t\t\t\t\t\t\t\t\t\t\t\n\t\t\t\t\t\t\t\t\t\t\t\t\t\t\t\t\t\t\t\t\t\t\t\t\n\t\t\n\n\t\t\t\t\t\t\t\t\t\t\t\t\n\t\t\t\t\t\t\t\t\t\t\t\t<a href=\"https:\/\/2024.budapestritmo.hu\/en\/movie\/ritmo-films-2-again-and-again-mordai\/\">\t\t\t\t\t\t\t\t\t\t\t\t\t<div class=\"timetable-event \" style=\"top:240px; min-height:78px;\">\n\t\t\t\t\t\t\t\t\t\t\t\t\t\t<div class=\"timetable-event-time\">18:00-19:00<\/div>\n\t\t\t\t\t\t\t\t\t\t\t\t\t\t<div class=\"timetable-event-performer\">Ritmo films (2): Again and again + Mord\u00e1i<\/div>\n\t\t\t\t\t\t\t\t\t\t\t\t\t\t<span class=\"timetable-event-country\"><p><span data-sheets-root=\"1\" data-sheets-value=\"{&quot;1&quot;:2,&quot;2&quot;:&quot;Hungarian music short (22\\&quot;)&quot;}\" data-sheets-userformat=\"{&quot;2&quot;:707,&quot;3&quot;:{&quot;1&quot;:0},&quot;4&quot;:{&quot;1&quot;:2,&quot;2&quot;:15987699},&quot;9&quot;:0,&quot;10&quot;:1,&quot;12&quot;:0}\">Hungarian music short (22&#8243;)<\/span><\/p>\n<p>&nbsp;<\/p>\n <\/span>\n\t\t\t\t\t\t\t\t\t\t\t\t\t<\/div>\n\t\t\t\t\t\t\t\t\t\t\t\t<\/a>\t\t\t\t\t\t\t\t\t\t\t\n\n\n\t\t\t\t\t\t\t\t\t\t\t\n\t\t\t\t\t\t\t\t\t\t\t\t\t\t\t\t\t\t\t\t\t\t\t\t\n\t\t\n\n\t\t\t\t\t\t\t\t\t\t\t\t\n\t\t\t\t\t\t\t\t\t\t\t\t<a href=\"https:\/\/2024.budapestritmo.hu\/en\/movie\/idas-idea\/\">\t\t\t\t\t\t\t\t\t\t\t\t\t<div class=\"timetable-event \" style=\"top:340px; min-height:98px;\">\n\t\t\t\t\t\t\t\t\t\t\t\t\t\t<div class=\"timetable-event-time\">19:15-20:30<\/div>\n\t\t\t\t\t\t\t\t\t\t\t\t\t\t<div class=\"timetable-event-performer\">Ida&#8217;s Idea<\/div>\n\t\t\t\t\t\t\t\t\t\t\t\t\t\t<span class=\"timetable-event-country\"><p><span data-sheets-root=\"1\" data-sheets-value=\"{&quot;1&quot;:2,&quot;2&quot;:&quot;Czech - Slovak documentary, sub. eng (67')&quot;}\" data-sheets-userformat=\"{&quot;2&quot;:707,&quot;3&quot;:{&quot;1&quot;:0},&quot;4&quot;:{&quot;1&quot;:2,&quot;2&quot;:15987699},&quot;9&quot;:0,&quot;10&quot;:1,&quot;12&quot;:0}\">Czech &#8211; Slovak documentary, sub. eng (67&#8242;)<\/span><\/p>\n <\/span>\n\t\t\t\t\t\t\t\t\t\t\t\t\t<\/div>\n\t\t\t\t\t\t\t\t\t\t\t\t<\/a>\t\t\t\t\t\t\t\t\t\t\t\n\n\n\t\t\t\t\t\t\t\t\t\t\t\t\t\t\t\t\t\t\t\t\t    \n\n\t\t\t\t\t\t\t\t\t\t\t\n\n\t\t\t\t\t\t\t\t\t\t\t\t\t\t\n\n\t\t\t\t\t\t\t<\/div>\n\n\t\t\t\t\n\n\t\t\t\t\t\t\t<div class=\"col-12 col-sm timetable-column\">\n\t\t\t\t\t\t\t\t<div class=\"timetable-venue\">\n\t\t\t\t\t\t\t\t\tToldi mozi, Nagyterem\t\t\t\t\t\t\t\t<\/div>\n\n\n\t\t\t\t\t\t\t\t\n\t\t\t\t\t\t\t\t\t\t\t\t\t\t\t\t\t\t\t\t\t\t\t\t\n\t\t\n\n\t\t\t\t\t\t\t\t\t\t\t\t\n\t\t\t\t\t\t\t\t\t\t\t\t<a href=\"https:\/\/2024.budapestritmo.hu\/en\/movie\/omara\/\">\t\t\t\t\t\t\t\t\t\t\t\t\t<div class=\"timetable-event \" style=\"top:160px; min-height:118px;\">\n\t\t\t\t\t\t\t\t\t\t\t\t\t\t<div class=\"timetable-event-time\">17:00-18:30<\/div>\n\t\t\t\t\t\t\t\t\t\t\t\t\t\t<div class=\"timetable-event-performer\">Omara<\/div>\n\t\t\t\t\t\t\t\t\t\t\t\t\t\t<span class=\"timetable-event-country\"><p><span data-sheets-root=\"1\" data-sheets-value=\"{&quot;1&quot;:2,&quot;2&quot;:&quot;Cuban documentary, sub. eng (76')&quot;}\" data-sheets-userformat=\"{&quot;2&quot;:707,&quot;3&quot;:{&quot;1&quot;:0},&quot;4&quot;:{&quot;1&quot;:2,&quot;2&quot;:15987699},&quot;9&quot;:0,&quot;10&quot;:1,&quot;12&quot;:0}\">Cuban documentary, sub. eng (76&#8242;)<\/span><\/p>\n <\/span>\n\t\t\t\t\t\t\t\t\t\t\t\t\t<\/div>\n\t\t\t\t\t\t\t\t\t\t\t\t<\/a>\t\t\t\t\t\t\t\t\t\t\t\n\n\n\t\t\t\t\t\t\t\t\t\t\t\n\t\t\t\t\t\t\t\t\t\t\t\t\t\t\t\t\t\t\t\t\t\t\t\t\n\t\t\n\n\t\t\t\t\t\t\t\t\t\t\t\t\n\t\t\t\t\t\t\t\t\t\t\t\t<a href=\"https:\/\/2024.budapestritmo.hu\/en\/movie\/the-last-hope-of-vera-bila\/\">\t\t\t\t\t\t\t\t\t\t\t\t\t<div class=\"timetable-event \" style=\"top:300px; min-height:84.6666666667px;\">\n\t\t\t\t\t\t\t\t\t\t\t\t\t\t<div class=\"timetable-event-time\">18:45-19:50<\/div>\n\t\t\t\t\t\t\t\t\t\t\t\t\t\t<div class=\"timetable-event-performer\">The Last Hope of V\u011bra B\u00edl\u00e1<\/div>\n\t\t\t\t\t\t\t\t\t\t\t\t\t\t<span class=\"timetable-event-country\"><p><span data-sheets-root=\"1\" data-sheets-value=\"{&quot;1&quot;:2,&quot;2&quot;:&quot;Czech documentary, sub. eng (52')&quot;}\" data-sheets-userformat=\"{&quot;2&quot;:707,&quot;3&quot;:{&quot;1&quot;:0},&quot;4&quot;:{&quot;1&quot;:2,&quot;2&quot;:15987699},&quot;9&quot;:0,&quot;10&quot;:1,&quot;12&quot;:0}\">Czech documentary, sub. eng (52&#8242;)<\/span><\/p>\n <\/span>\n\t\t\t\t\t\t\t\t\t\t\t\t\t<\/div>\n\t\t\t\t\t\t\t\t\t\t\t\t<\/a>\t\t\t\t\t\t\t\t\t\t\t\n\n\n\t\t\t\t\t\t\t\t\t\t\t\t\t\t\t\t\t\t\t\t\t    \n\n\t\t\t\t\t\t\t\t\t\t\t\n\n\t\t\t\t\t\t\t\t\t\t\t\t\t\t\n\n\t\t\t\t\t\t\t<\/div>\n\n\t\t\t\t\t\t\t\n\n\t\t\t\t\n\n\t\t\t\t\n\t\t\t\n\t\t\t<\/div> <!-- \/row -->\n\t\t<\/div>  <!-- \/container.day -->\n\t\t\n\t\t\t\n\t\t<div class=\"container-fluid day  \" id=\"day2\">\n\t\t\n\t\t\t<div class=\"row\">\n\n\n\t\t\t\t<div class=\"col-1 timetable-timeslots d-none d-md-flex\">\n\t\t\t\t\t<ul>\n\t\t\t\t\t\t<li class=\"full-hour\">15:00<\/li><li>15:15<\/li><li>15:30<\/li><li>15:45<\/li><li class=\"full-hour\">16:00<\/li><li>16:15<\/li><li>16:30<\/li><li>16:45<\/li><li class=\"full-hour\">17:00<\/li><li>17:15<\/li><li>17:30<\/li><li>17:45<\/li><li class=\"full-hour\">18:00<\/li><li>18:15<\/li><li>18:30<\/li><li>18:45<\/li><li class=\"full-hour\">19:00<\/li><li>19:15<\/li><li>19:30<\/li><li>19:45<\/li><li class=\"full-hour\">20:00<\/li><li>20:15<\/li><li>20:30<\/li><li>20:45<\/li>\t\t\t\t\t<\/ul>\n\t\t\t\t<\/div>\n\n\n\t\t\t\t\n\t\t\t\t\n\t\t\t\t\n\n\t\t\t\t\t\t\t<div class=\"col-12 col-sm timetable-column\">\n\t\t\t\t\t\t\t\t<div class=\"timetable-venue\">\n\t\t\t\t\t\t\t\t\tToldi mozi, Kisterem\t\t\t\t\t\t\t\t<\/div>\n\n\n\t\t\t\t\t\t\t\t\n\t\t\t\t\t\t\t\t\t\t\t\t\t\t\t\t\t\t\t\t\t\t\t\t\n\t\t\n\n\t\t\t\t\t\t\t\t\t\t\t\t\n\t\t\t\t\t\t\t\t\t\t\t\t<a href=\"https:\/\/2024.budapestritmo.hu\/en\/movie\/the-last-hope-of-vera-bila\/\">\t\t\t\t\t\t\t\t\t\t\t\t\t<div class=\"timetable-event \" style=\"top:40px; min-height:78px;\">\n\t\t\t\t\t\t\t\t\t\t\t\t\t\t<div class=\"timetable-event-time\">15:30-16:30<\/div>\n\t\t\t\t\t\t\t\t\t\t\t\t\t\t<div class=\"timetable-event-performer\">The Last Hope of V\u011bra B\u00edl\u00e1<\/div>\n\t\t\t\t\t\t\t\t\t\t\t\t\t\t<span class=\"timetable-event-country\"><p><span data-sheets-root=\"1\" data-sheets-value=\"{&quot;1&quot;:2,&quot;2&quot;:&quot;Czech documentary, sub. eng (52')&quot;}\" data-sheets-userformat=\"{&quot;2&quot;:707,&quot;3&quot;:{&quot;1&quot;:0},&quot;4&quot;:{&quot;1&quot;:2,&quot;2&quot;:15987699},&quot;9&quot;:0,&quot;10&quot;:1,&quot;12&quot;:0}\">Czech documentary, sub. eng (52&#8242;)<\/span><\/p>\n <\/span>\n\t\t\t\t\t\t\t\t\t\t\t\t\t<\/div>\n\t\t\t\t\t\t\t\t\t\t\t\t<\/a>\t\t\t\t\t\t\t\t\t\t\t\n\n\n\t\t\t\t\t\t\t\t\t\t\t\n\t\t\t\t\t\t\t\t\t\t\t\t\t\t\t\t\t\t\t\t\t\t\t\t\n\t\t\n\n\t\t\t\t\t\t\t\t\t\t\t\t\n\t\t\t\t\t\t\t\t\t\t\t\t<a href=\"https:\/\/2024.budapestritmo.hu\/en\/movie\/the-sounds-that-made-us-hallgato\/\">\t\t\t\t\t\t\t\t\t\t\t\t\t<div class=\"timetable-event \" style=\"top:160px; min-height:38px;\">\n\t\t\t\t\t\t\t\t\t\t\t\t\t\t<div class=\"timetable-event-time\">17:00-17:30<\/div>\n\t\t\t\t\t\t\t\t\t\t\t\t\t\t<div class=\"timetable-event-performer\">The Sounds that Made Us &#8211; Hallgat\u00f3<\/div>\n\t\t\t\t\t\t\t\t\t\t\t\t\t\t<span class=\"timetable-event-country\"><p><span data-sheets-root=\"1\" data-sheets-value=\"{&quot;1&quot;:2,&quot;2&quot;:&quot;Hungarian documentary, sub. eng (25')&quot;}\" data-sheets-userformat=\"{&quot;2&quot;:707,&quot;3&quot;:{&quot;1&quot;:0},&quot;4&quot;:{&quot;1&quot;:2,&quot;2&quot;:15987699},&quot;9&quot;:0,&quot;10&quot;:1,&quot;12&quot;:0}\">Hungarian documentary, sub. eng (25&#8242;)<\/span><\/p>\n<p><strong>Private screening.<\/strong>\u00a0For invited guests only.<\/p>\n <\/span>\n\t\t\t\t\t\t\t\t\t\t\t\t\t<\/div>\n\t\t\t\t\t\t\t\t\t\t\t\t<\/a>\t\t\t\t\t\t\t\t\t\t\t\n\n\n\t\t\t\t\t\t\t\t\t\t\t\n\t\t\t\t\t\t\t\t\t\t\t\t\t\t\t\t\t\t\t\t\t\t\t\t\n\t\t\n\n\t\t\t\t\t\t\t\t\t\t\t\t\n\t\t\t\t\t\t\t\t\t\t\t\t<a href=\"https:\/\/2024.budapestritmo.hu\/en\/movie\/omara\/\">\t\t\t\t\t\t\t\t\t\t\t\t\t<div class=\"timetable-event \" style=\"top:240px; min-height:118px;\">\n\t\t\t\t\t\t\t\t\t\t\t\t\t\t<div class=\"timetable-event-time\">18:00-19:30<\/div>\n\t\t\t\t\t\t\t\t\t\t\t\t\t\t<div class=\"timetable-event-performer\">Omara<\/div>\n\t\t\t\t\t\t\t\t\t\t\t\t\t\t<span class=\"timetable-event-country\"><p><span data-sheets-root=\"1\" data-sheets-value=\"{&quot;1&quot;:2,&quot;2&quot;:&quot;Cuban documentary, sub. eng (76')&quot;}\" data-sheets-userformat=\"{&quot;2&quot;:707,&quot;3&quot;:{&quot;1&quot;:0},&quot;4&quot;:{&quot;1&quot;:2,&quot;2&quot;:15987699},&quot;9&quot;:0,&quot;10&quot;:1,&quot;12&quot;:0}\">Cuban documentary, sub. eng (76&#8242;)<\/span><\/p>\n <\/span>\n\t\t\t\t\t\t\t\t\t\t\t\t\t<\/div>\n\t\t\t\t\t\t\t\t\t\t\t\t<\/a>\t\t\t\t\t\t\t\t\t\t\t\n\n\n\t\t\t\t\t\t\t\t\t\t\t\t\t\t\t\t\t\t\t\t\t    \n\n\t\t\t\t\t\t\t\t\t\t\t\n\n\t\t\t\t\t\t\t\t\t\t\t\t\t\t\n\n\t\t\t\t\t\t\t<\/div>\n\n\t\t\t\t\n\n\t\t\t\t\t\t\t<div class=\"col-12 col-sm timetable-column\">\n\t\t\t\t\t\t\t\t<div class=\"timetable-venue\">\n\t\t\t\t\t\t\t\t\tToldi mozi, Nagyterem\t\t\t\t\t\t\t\t<\/div>\n\n\n\t\t\t\t\t\t\t\t\n\t\t\t\t\t\t\t\t\t\t\t\t\t\t\t\t\t\t\t\t\t\t\t\t\n\t\t\n\n\t\t\t\t\t\t\t\t\t\t\t\t\n\t\t\t\t\t\t\t\t\t\t\t\t<a href=\"https:\/\/2024.budapestritmo.hu\/en\/movie\/idas-idea\/\">\t\t\t\t\t\t\t\t\t\t\t\t\t<div class=\"timetable-event \" style=\"top:120px; min-height:118px;\">\n\t\t\t\t\t\t\t\t\t\t\t\t\t\t<div class=\"timetable-event-time\">16:30-18:00<\/div>\n\t\t\t\t\t\t\t\t\t\t\t\t\t\t<div class=\"timetable-event-performer\">Ida&#8217;s Idea<\/div>\n\t\t\t\t\t\t\t\t\t\t\t\t\t\t<span class=\"timetable-event-country\"><p><span data-sheets-root=\"1\" data-sheets-value=\"{&quot;1&quot;:2,&quot;2&quot;:&quot;Czech - Slovak documentary, sub. eng (67')&quot;}\" data-sheets-userformat=\"{&quot;2&quot;:707,&quot;3&quot;:{&quot;1&quot;:0},&quot;4&quot;:{&quot;1&quot;:2,&quot;2&quot;:15987699},&quot;9&quot;:0,&quot;10&quot;:1,&quot;12&quot;:0}\">Czech &#8211; Slovak documentary, sub. eng (67&#8242;)<\/span><\/p>\n <\/span>\n\t\t\t\t\t\t\t\t\t\t\t\t\t<\/div>\n\t\t\t\t\t\t\t\t\t\t\t\t<\/a>\t\t\t\t\t\t\t\t\t\t\t\n\n\n\t\t\t\t\t\t\t\t\t\t\t\n\t\t\t\t\t\t\t\t\t\t\t\t\t\t\t\t\t\t\t\t\t\t\t\t\n\t\t\n\n\t\t\t\t\t\t\t\t\t\t\t\t\n\t\t\t\t\t\t\t\t\t\t\t\t<a href=\"https:\/\/2024.budapestritmo.hu\/en\/movie\/elis-tom\/\">\t\t\t\t\t\t\t\t\t\t\t\t\t<div class=\"timetable-event \" style=\"top:280px; min-height:158px;\">\n\t\t\t\t\t\t\t\t\t\t\t\t\t\t<div class=\"timetable-event-time\">18:30-20:30<\/div>\n\t\t\t\t\t\t\t\t\t\t\t\t\t\t<div class=\"timetable-event-performer\">Elis &#038; Tom<\/div>\n\t\t\t\t\t\t\t\t\t\t\t\t\t\t<span class=\"timetable-event-country\"><p><span data-sheets-root=\"1\" data-sheets-value=\"{&quot;1&quot;:2,&quot;2&quot;:&quot;Brazilian documentary, sub. eng (100')&quot;}\" data-sheets-userformat=\"{&quot;2&quot;:707,&quot;3&quot;:{&quot;1&quot;:0},&quot;4&quot;:{&quot;1&quot;:2,&quot;2&quot;:15987699},&quot;9&quot;:0,&quot;10&quot;:1,&quot;12&quot;:0}\">Brazilian documentary, sub. eng (100&#8242;)<\/span><\/p>\n <\/span>\n\t\t\t\t\t\t\t\t\t\t\t\t\t<\/div>\n\t\t\t\t\t\t\t\t\t\t\t\t<\/a>\t\t\t\t\t\t\t\t\t\t\t\n\n\n\t\t\t\t\t\t\t\t\t\t\t\t\t\t\t\t\t\t\t\t\t    \n\n\t\t\t\t\t\t\t\t\t\t\t\n\n\t\t\t\t\t\t\t\t\t\t\t\t\t\t\n\n\t\t\t\t\t\t\t<\/div>\n\n\t\t\t\t\t\t\t\n\n\t\t\t\t\n\n\t\t\t\t\n\t\t\t\n\t\t\t<\/div> <!-- \/row -->\n\t\t<\/div>  <!-- \/container.day -->\n\t\t\n\t\t\t\n<\/section> <!-- \/timetable.section -->\n\n\n<p><\/p>\n","protected":false},"excerpt":{"rendered":"","protected":false},"author":1,"featured_media":0,"parent":0,"menu_order":0,"comment_status":"closed","ping_status":"closed","template":"page-templates\/page-fullwidth.php","meta":{"_acf_changed":false,"pgc_sgb_lightbox_settings":"","footnotes":""},"class_list":["post-974","page","type-page","status-publish","hentry"],"acf":[],"_links":{"self":[{"href":"https:\/\/2024.budapestritmo.hu\/en\/wp-json\/wp\/v2\/pages\/974","targetHints":{"allow":["GET"]}}],"collection":[{"href":"https:\/\/2024.budapestritmo.hu\/en\/wp-json\/wp\/v2\/pages"}],"about":[{"href":"https:\/\/2024.budapestritmo.hu\/en\/wp-json\/wp\/v2\/types\/page"}],"author":[{"embeddable":true,"href":"https:\/\/2024.budapestritmo.hu\/en\/wp-json\/wp\/v2\/users\/1"}],"replies":[{"embeddable":true,"href":"https:\/\/2024.budapestritmo.hu\/en\/wp-json\/wp\/v2\/comments?post=974"}],"version-history":[{"count":2,"href":"https:\/\/2024.budapestritmo.hu\/en\/wp-json\/wp\/v2\/pages\/974\/revisions"}],"predecessor-version":[{"id":5421,"href":"https:\/\/2024.budapestritmo.hu\/en\/wp-json\/wp\/v2\/pages\/974\/revisions\/5421"}],"wp:attachment":[{"href":"https:\/\/2024.budapestritmo.hu\/en\/wp-json\/wp\/v2\/media?parent=974"}],"curies":[{"name":"wp","href":"https:\/\/api.w.org\/{rel}","templated":true}]}}